{"id":279474,"date":"2023-04-10T15:50:04","date_gmt":"2023-04-10T07:50:04","guid":{"rendered":"https:\/\/aburi-en.com.vn\/trang-chu\/"},"modified":"2025-03-31T16:30:35","modified_gmt":"2025-03-31T08:30:35","slug":"trang-chu","status":"publish","type":"page","link":"https:\/\/aburi-en.com.vn\/vi\/","title":{"rendered":"Trang ch\u1ee7"},"content":{"rendered":"<p>[et_pb_section fb_built=&#8221;1&#8243; next_background_color=&#8221;#F1E9E3&#8243; admin_label=&#8221;Hero&#8221; _builder_version=&#8221;4.26.0&#8243; _module_preset=&#8221;default&#8221; background_color=&#8221;#111110&#8243; use_background_color_gradient=&#8221;on&#8221; background_color_gradient_stops=&#8221;rgba(17,17,16,0.36) 0%|rgba(17,17,16,0.55) 100%&#8221; background_color_gradient_overlays_image=&#8221;on&#8221; background_image=&#8221;http:\/\/aburi-en.com\/wp-content\/uploads\/2023\/04\/Aburi-torch.jpg&#8221; background_video_mp4=&#8221;https:\/\/aburi-en.com.vn\/wp-content\/uploads\/2024\/07\/aburi-en-homepage.mp4&#8243; background_enable_video_webm=&#8221;off&#8221; height=&#8221;80vh&#8221; custom_padding=&#8221;||||false|false&#8221; bottom_divider_style=&#8221;curve2&#8243; bottom_divider_arrangement=&#8221;above_content&#8221; bottom_divider_style_tablet=&#8221;curve2&#8243; bottom_divider_style_phone=&#8221;curve2&#8243; bottom_divider_style_last_edited=&#8221;on|desktop&#8221; bottom_divider_height_tablet=&#8221;&#8221; bottom_divider_height_phone=&#8221;50px&#8221; bottom_divider_height_last_edited=&#8221;on|phone&#8221; da_disable_devices=&#8221;off|off|off&#8221; locked=&#8221;off&#8221; global_colors_info=&#8221;{}&#8221; da_is_popup=&#8221;off&#8221; da_exit_intent=&#8221;off&#8221; da_has_close=&#8221;on&#8221; da_alt_close=&#8221;off&#8221; da_dark_close=&#8221;off&#8221; da_not_modal=&#8221;on&#8221; da_is_singular=&#8221;off&#8221; da_with_loader=&#8221;off&#8221; da_has_shadow=&#8221;on&#8221;][et_pb_row use_custom_gutter=&#8221;on&#8221; _builder_version=&#8221;4.20.2&#8243; _module_preset=&#8221;default&#8221; custom_padding=&#8221;24vh||24vh||true|false&#8221; global_colors_info=&#8221;{}&#8221;][et_pb_column type=&#8221;4_4&#8243; _builder_version=&#8221;4.20.2&#8243; _module_preset=&#8221;default&#8221; custom_padding=&#8221;||||false|false&#8221; global_colors_info=&#8221;{}&#8221; custom_padding__hover=&#8221;|||&#8221;][et_pb_text _builder_version=&#8221;4.21.0&#8243; _module_preset=&#8221;default&#8221; text_font_size=&#8221;22px&#8221; header_font_size=&#8221;45px&#8221; header_2_font=&#8221;|||on|||||&#8221; background_layout=&#8221;dark&#8221; max_width_tablet=&#8221;&#8221; max_width_phone=&#8221;&#8221; max_width_last_edited=&#8221;on|desktop&#8221; min_height=&#8221;85.4px&#8221; custom_margin=&#8221;0px|||&#8221; custom_padding=&#8221;||0px|||&#8221; header_font_size_tablet=&#8221;45px&#8221; header_font_size_phone=&#8221;40px&#8221; header_font_size_last_edited=&#8221;on|phone&#8221; locked=&#8221;off&#8221; global_colors_info=&#8221;{}&#8221;]<\/p>\n<h1>Ch\u00e0o m\u1eebng \u0111\u1ebfn v\u1edbi Aburi-EN<\/h1>\n<p>Ch\u00fang t\u00f4i ph\u1ee5c v\u1ee5 c\u00e1c m\u00f3n n\u01b0\u1edbng ki\u1ec3u Nh\u1eadt th\u01b0\u1ee3ng h\u1ea1ng.<\/p>\n<p>[\/et_pb_text][et_pb_button button_url=&#8221;@ET-DC@eyJkeW5hbWljIjp0cnVlLCJjb250ZW50IjoicG9zdF9saW5rX3VybF9wYWdlIiwic2V0dGluZ3MiOnsicG9zdF9pZCI6IjEwNSIsImVuYWJsZV9odG1sIjoib2ZmIn19@&#8221; button_text=&#8221;Xem Th\u1ef1c \u0110\u01a1n&#8221; button_alignment=&#8221;left&#8221; _builder_version=&#8221;4.20.2&#8243; _dynamic_attributes=&#8221;button_url&#8221; _module_preset=&#8221;default&#8221; custom_button=&#8221;off&#8221; global_colors_info=&#8221;{}&#8221;][\/et_pb_button][\/et_pb_column][\/et_pb_row][\/et_pb_section][et_pb_section fb_built=&#8221;1&#8243; admin_label=&#8221;Feature Section&#8221; _builder_version=&#8221;4.20.2&#8243; _module_preset=&#8221;default&#8221; background_color=&#8221;#F1E9E3&#8243; background_enable_image=&#8221;off&#8221; background_size=&#8221;initial&#8221; background_position=&#8221;bottom_center&#8221; background_repeat=&#8221;repeat-x&#8221; custom_padding=&#8221;||||false|false&#8221; top_divider_color=&#8221;#0f0d0c&#8221; top_divider_height=&#8221;117px&#8221; top_divider_arrangement=&#8221;above_content&#8221; bottom_divider_height=&#8221;38px&#8221; bottom_divider_flip=&#8221;vertical&#8221; da_disable_devices=&#8221;off|off|off&#8221; locked=&#8221;off&#8221; global_colors_info=&#8221;{}&#8221; da_is_popup=&#8221;off&#8221; da_exit_intent=&#8221;off&#8221; da_has_close=&#8221;on&#8221; da_alt_close=&#8221;off&#8221; da_dark_close=&#8221;off&#8221; da_not_modal=&#8221;on&#8221; da_is_singular=&#8221;off&#8221; da_with_loader=&#8221;off&#8221; da_has_shadow=&#8221;on&#8221;][et_pb_row column_structure=&#8221;2_5,3_5&#8243; use_custom_gutter=&#8221;on&#8221; _builder_version=&#8221;4.20.2&#8243; _module_preset=&#8221;default&#8221; custom_padding=&#8221;|||&#8221; animation_style=&#8221;slide&#8221; animation_direction=&#8221;bottom&#8221; global_colors_info=&#8221;{}&#8221;][et_pb_column type=&#8221;2_5&#8243; _builder_version=&#8221;4.20.2&#8243; _module_preset=&#8221;default&#8221; custom_padding=&#8221;||||false|false&#8221; global_colors_info=&#8221;{}&#8221; custom_padding__hover=&#8221;|||&#8221;][et_pb_image src=&#8221;https:\/\/aburi-en.com.vn\/wp-content\/uploads\/2023\/07\/Premium-Buta-Don-2.jpg&#8221; alt=&#8221;Buta Don cao c\u1ea5p&#8221; title_text=&#8221;Buta Don cao c\u1ea5p&#8221; _builder_version=&#8221;4.27.0&#8243; _module_preset=&#8221;default&#8221; animation_style=&#8221;slide&#8221; animation_direction=&#8221;left&#8221; animation_duration=&#8221;400ms&#8221; animation_direction_tablet=&#8221;left&#8221; animation_direction_phone=&#8221;bottom&#8221; animation_direction_last_edited=&#8221;on|phone&#8221; animation_duration_tablet=&#8221;400ms&#8221; animation_duration_phone=&#8221;100ms&#8221; animation_duration_last_edited=&#8221;on|desktop&#8221; global_colors_info=&#8221;{}&#8221;][\/et_pb_image][\/et_pb_column][et_pb_column type=&#8221;3_5&#8243; _builder_version=&#8221;4.20.2&#8243; _module_preset=&#8221;default&#8221; custom_padding=&#8221;||||false|false&#8221; global_colors_info=&#8221;{}&#8221; custom_padding__hover=&#8221;|||&#8221;][et_pb_text content_tablet=&#8221;<\/p>\n<h2>DONBURI TH\u01af\u1ee2NG H\u1ea0NG<\/h2>\n<p class=%22p2%22><span class=%22s1%22> <\/span>S\u1eed d\u1ee5ng c\u00e1c d\u00f2ng th\u1ecbt n\u01b0\u1edbng Nh\u1eadt B\u1ea3n cao c\u1ea5p, Aburi-EN mang \u0111\u1ebfn c\u00e1c m\u00f3n donburi (c\u01a1m Nh\u1eadt) ch\u1ea5t l\u01b0\u1ee3ng cao v\u1edbi m\u1ee9c gi\u00e1 h\u1ee3p l\u00fd trong kh\u00f4ng gian \u1ea5m c\u00fang v\u00e0 d\u1ec5 ch\u1ecbu. Aburi-EN t\u1ef1 h\u00e0o v\u1edbi n\u01b0\u1edbc s\u1ed1t th\u1ecbt \u0111\u1ed9c quy\u1ec1n \u0111\u1eadm \u0111\u00e0 h\u01b0\u01a1ng v\u1ecb Umami, th\u1ecbt heo v\u00e0 th\u1ecbt b\u00f2 nh\u1eadp kh\u1ea9u v\u1edbi ch\u1ea5t l\u01b0\u1ee3ng th\u01b0\u1ee3ng h\u1ea1ng. <\/p>\n<p class=%22p2%22>T\u1ea1i Aburi-EN, b\u1ea1n s\u1ebd \u0111\u01b0\u1ee3c \u0111\u1eafm ch\u00ecm v\u00e0o v\u0103n h\u00f3a \u1ea9m th\u1ef1c Nh\u1eadt B\u1ea3n. Ch\u00fang t\u00f4i s\u1edf h\u1eefu m\u1ed9t b\u1ed9 s\u01b0u t\u1eadp c\u00e1c lo\u1ea1i highball, bia, shochu v\u00e0 sake phong ph\u00fa, ph\u00f9 h\u1ee3p \u0111\u1ec3 nh\u00e2m nhi c\u00f9ng c\u00e1c m\u00f3n n\u01b0\u1edbng. <br \/>B\u1eb1ng vi\u1ec7c t\u1eadp trung v\u00e0o nguy\u00ean li\u1ec7u cao c\u1ea5p \u0111\u01b0\u1ee3c n\u01b0\u1edbng m\u1ed9t c\u00e1ch ho\u00e0n h\u1ea3o v\u1edbi m\u1ed9t m\u1ee9c gi\u00e1 h\u1ea5p d\u1eabn, Aburi-EN lu\u00f4n l\u00e0 \u0111i\u1ec3m \u0111\u1ebfn y\u00eau th\u00edch c\u1ee7a c\u00e1c t\u00edn \u0111\u1ed3 \u1ea9m th\u1ef1c \u1edf m\u1ed7i n\u01a1i ch\u00fang t\u00f4i \u0111\u1eb7t ch\u00e2n \u0111\u1ebfn. <\/p>\n<p>&#8221; content_phone=&#8221;<\/p>\n<h2>DONBURI TH\u01af\u1ee2NG H\u1ea0NG<\/h2>\n<p class=%22p2%22><span class=%22s1%22> <\/span>S\u1eed d\u1ee5ng c\u00e1c d\u00f2ng th\u1ecbt n\u01b0\u1edbng Nh\u1eadt B\u1ea3n cao c\u1ea5p, Aburi-EN mang \u0111\u1ebfn c\u00e1c m\u00f3n donburi (c\u01a1m Nh\u1eadt) ch\u1ea5t l\u01b0\u1ee3ng cao v\u1edbi m\u1ee9c gi\u00e1 h\u1ee3p l\u00fd trong kh\u00f4ng gian \u1ea5m c\u00fang v\u00e0 d\u1ec5 ch\u1ecbu. Aburi-EN t\u1ef1 h\u00e0o v\u1edbi n\u01b0\u1edbc s\u1ed1t th\u1ecbt \u0111\u1ed9c quy\u1ec1n \u0111\u1eadm \u0111\u00e0 h\u01b0\u01a1ng v\u1ecb Umami, th\u1ecbt heo v\u00e0 th\u1ecbt b\u00f2 nh\u1eadp kh\u1ea9u v\u1edbi ch\u1ea5t l\u01b0\u1ee3ng th\u01b0\u1ee3ng h\u1ea1ng. <\/p>\n<p class=%22p2%22>T\u1ea1i Aburi-EN, b\u1ea1n s\u1ebd \u0111\u01b0\u1ee3c \u0111\u1eafm ch\u00ecm v\u00e0o v\u0103n h\u00f3a \u1ea9m th\u1ef1c Nh\u1eadt B\u1ea3n. Ch\u00fang t\u00f4i s\u1edf h\u1eefu m\u1ed9t b\u1ed9 s\u01b0u t\u1eadp c\u00e1c lo\u1ea1i highball, bia, shochu v\u00e0 sake phong ph\u00fa, ph\u00f9 h\u1ee3p \u0111\u1ec3 nh\u00e2m nhi c\u00f9ng c\u00e1c m\u00f3n n\u01b0\u1edbng. <br \/>B\u1eb1ng vi\u1ec7c t\u1eadp trung v\u00e0o nguy\u00ean li\u1ec7u cao c\u1ea5p \u0111\u01b0\u1ee3c n\u01b0\u1edbng m\u1ed9t c\u00e1ch ho\u00e0n h\u1ea3o v\u1edbi m\u1ed9t m\u1ee9c gi\u00e1 h\u1ea5p d\u1eabn, Aburi-EN lu\u00f4n l\u00e0 \u0111i\u1ec3m \u0111\u1ebfn y\u00eau th\u00edch c\u1ee7a c\u00e1c t\u00edn \u0111\u1ed3 \u1ea9m th\u1ef1c \u1edf m\u1ed7i n\u01a1i ch\u00fang t\u00f4i \u0111\u1eb7t ch\u00e2n \u0111\u1ebfn. <\/p>\n<p>&#8221; content_last_edited=&#8221;on|desktop&#8221; _builder_version=&#8221;4.27.4&#8243; _module_preset=&#8221;default&#8221; header_2_font=&#8221;|||on|||||&#8221; max_width_tablet=&#8221;&#8221; max_width_phone=&#8221;&#8221; max_width_last_edited=&#8221;on|desktop&#8221; custom_margin=&#8221;0px|||&#8221; custom_padding=&#8221;||0px|||&#8221; animation_style=&#8221;slide&#8221; animation_direction=&#8221;right&#8221; animation_duration=&#8221;300ms&#8221; hover_enabled=&#8221;0&#8243; header_2_font_size_tablet=&#8221;&#8221; header_2_font_size_phone=&#8221;&#8221; header_2_font_size_last_edited=&#8221;on|phone&#8221; animation_direction_tablet=&#8221;right&#8221; animation_direction_phone=&#8221;bottom&#8221; animation_direction_last_edited=&#8221;on|phone&#8221; animation_duration_tablet=&#8221;300ms&#8221; animation_duration_phone=&#8221;100ms&#8221; animation_duration_last_edited=&#8221;on|phone&#8221; locked=&#8221;off&#8221; global_colors_info=&#8221;{}&#8221; sticky_enabled=&#8221;0&#8243;]<\/p>\n<h2>DONBURI TH\u01af\u1ee2NG H\u1ea0NG<\/h2>\n<p>Aburi-EN mang \u0111\u1ebfn th\u1ef1c \u0111\u01a1n \u0111a d\u1ea1ng v\u1edbi nh\u1eefng t\u00f4 donburi (c\u01a1m b\u00e1t Nh\u1eadt) ch\u1ea5t l\u01b0\u1ee3ng cao v\u1edbi m\u1ee9c gi\u00e1 h\u1ee3p l\u00fd, trong kh\u00f4ng gian tho\u1ea3i m\u00e1i v\u00e0 \u1ea5m c\u00fang. Nh\u00e0 h\u00e0ng t\u1ef1 h\u00e0o v\u1edbi n\u01b0\u1edbc s\u1ed1t th\u1ecbt \u0111\u1eb7c ch\u1ebf \u0111\u1eadm \u0111\u00e0 v\u1ecb umami, c\u00f9ng c\u00e1c lo\u1ea1i th\u1ecbt b\u00f2 v\u00e0 th\u1ecbt heo nh\u1eadp kh\u1ea9u cao c\u1ea5p, \u0111\u01b0\u1ee3c tuy\u1ec3n ch\u1ecdn k\u1ef9 l\u01b0\u1ee1ng \u0111\u1ec3 \u0111\u1ea3m b\u1ea3o h\u01b0\u01a1ng v\u1ecb v\u00e0 k\u1ebft c\u1ea5u tuy\u1ec7t h\u1ea3o. <\/p>\n<p>T\u1ea1i Aburi-EN, b\u1ea1n c\u00f3 th\u1ec3 tr\u1ea3i nghi\u1ec7m tinh hoa v\u0103n h\u00f3a \u1ea9m th\u1ef1c Izakaya Nh\u1eadt B\u1ea3n v\u1edbi th\u1ef1c \u0111\u01a1n phong ph\u00fa g\u1ed3m cocktail Nh\u1eadt, highball v\u00e0 r\u01b0\u1ee3u sake \u2013 ho\u00e0n h\u1ea3o \u0111\u1ec3 k\u1ebft h\u1ee3p c\u00f9ng c\u00e1c m\u00f3n th\u1ecbt n\u01b0\u1edbng chu\u1ea9n v\u1ecb. V\u1edbi s\u1ef1 ch\u00fa tr\u1ecdng v\u00e0o nguy\u00ean li\u1ec7u h\u1ea3o h\u1ea1ng, ch\u1ebf bi\u1ebfn tinh t\u1ebf v\u00e0 m\u1ee9c gi\u00e1 h\u1ee3p l\u00fd, kh\u00f4ng c\u00f3 g\u00ec ng\u1ea1c nhi\u00ean khi Aburi-EN lu\u00f4n l\u00e0 \u0111i\u1ec3m \u0111\u1ebfn y\u00eau th\u00edch c\u1ee7a nhi\u1ec1u th\u1ef1c kh\u00e1ch. <\/p>\n<p>[\/et_pb_text][et_pb_button button_url=&#8221;@ET-DC@eyJkeW5hbWljIjp0cnVlLCJjb250ZW50IjoicG9zdF9saW5rX3VybF9wYWdlIiwic2V0dGluZ3MiOnsicG9zdF9pZCI6IjEyNCIsImVuYWJsZV9odG1sIjoib2ZmIn19@&#8221; button_text=&#8221;\u0110\u1ecba \u0110i\u1ec3m&#8221; button_alignment=&#8221;left&#8221; _builder_version=&#8221;4.20.2&#8243; _dynamic_attributes=&#8221;button_url&#8221; _module_preset=&#8221;default&#8221; custom_button=&#8221;off&#8221; animation_style=&#8221;slide&#8221; animation_direction=&#8221;right&#8221; global_colors_info=&#8221;{}&#8221;][\/et_pb_button][\/et_pb_column][\/et_pb_row][\/et_pb_section][et_pb_section fb_built=&#8221;1&#8243; admin_label=&#8221;Feature Section&#8221; _builder_version=&#8221;4.20.2&#8243; _module_preset=&#8221;default&#8221; background_color=&#8221;#111110&#8243; use_background_color_gradient=&#8221;on&#8221; background_color_gradient_stops=&#8221;rgba(17,17,16,0.55) 0%|rgba(17,17,16,0.59) 99%&#8221; background_color_gradient_overlays_image=&#8221;on&#8221; background_image=&#8221;http:\/\/aburi-en.com\/wp-content\/uploads\/2023\/07\/fire.jpg&#8221; parallax=&#8221;on&#8221; background_enable_video_mp4=&#8221;off&#8221; background_enable_video_webm=&#8221;off&#8221; allow_player_pause=&#8221;on&#8221; background_video_pause_outside_viewport=&#8221;off&#8221; custom_padding=&#8221;||120px|&#8221; top_divider_height=&#8221;70px&#8221; da_disable_devices=&#8221;off|off|off&#8221; locked=&#8221;off&#8221; global_colors_info=&#8221;{}&#8221; da_is_popup=&#8221;off&#8221; da_exit_intent=&#8221;off&#8221; da_has_close=&#8221;on&#8221; da_alt_close=&#8221;off&#8221; da_dark_close=&#8221;off&#8221; da_not_modal=&#8221;on&#8221; da_is_singular=&#8221;off&#8221; da_with_loader=&#8221;off&#8221; da_has_shadow=&#8221;on&#8221;][et_pb_row column_structure=&#8221;1_2,1_2&#8243; use_custom_gutter=&#8221;on&#8221; _builder_version=&#8221;4.17.3&#8243; _module_preset=&#8221;default&#8221; custom_padding=&#8221;|||&#8221; global_colors_info=&#8221;{}&#8221;][et_pb_column type=&#8221;1_2&#8243; _builder_version=&#8221;4.16&#8243; _module_preset=&#8221;default&#8221; custom_padding=&#8221;8%|||&#8221; global_colors_info=&#8221;{}&#8221; custom_padding__hover=&#8221;|||&#8221;][et_pb_text _builder_version=&#8221;4.27.4&#8243; _module_preset=&#8221;default&#8221; header_2_font=&#8221;|||on|||||&#8221; header_2_text_color=&#8221;#F3F3F6&#8243; background_layout=&#8221;dark&#8221; animation_style=&#8221;slide&#8221; animation_direction=&#8221;left&#8221; animation_duration=&#8221;1500ms&#8221; hover_enabled=&#8221;0&#8243; global_colors_info=&#8221;{}&#8221; sticky_enabled=&#8221;0&#8243;]<\/p>\n<h2>Combo C\u01a1m 3 Lo\u1ea1i Th\u1ecbt Heo<\/h2>\n<p>Th\u01b0\u1edfng th\u1ee9c b\u1ea3n h\u00f2a t\u1ea5u h\u01b0\u01a1ng v\u1ecb v\u1edbi s\u1ef1 k\u1ebft h\u1ee3p ho\u00e0n h\u1ea3o c\u1ee7a ba lo\u1ea1i th\u1ecbt heo th\u01b0\u1ee3ng h\u1ea1ng: ba ch\u1ec9, th\u0103n v\u00e0 m\u00e1 heo, \u0111i k\u00e8m v\u1edbi n\u1ea5m shimeji tr\u00ean n\u1ec1n c\u01a1m n\u00f3ng h\u1ed5i. M\u1ed7i ph\u1ea7n th\u1ecbt mang \u0111\u1ebfn m\u1ed9t k\u1ebft c\u1ea5u v\u00e0 \u0111\u1ed9 b\u00e9o ri\u00eang bi\u1ec7t, t\u1ea1o n\u00ean m\u00f3n \u0103n tr\u00f2n v\u1ecb, h\u1ea5p d\u1eabn v\u00e0 kh\u00f3 qu\u00ean. <\/p>\n<p>[\/et_pb_text][et_pb_button button_url=&#8221;@ET-DC@eyJkeW5hbWljIjp0cnVlLCJjb250ZW50IjoicG9zdF9saW5rX3VybF9wYWdlIiwic2V0dGluZ3MiOnsicG9zdF9pZCI6IjEwNSIsImVuYWJsZV9odG1sIjoib2ZmIn19@&#8221; button_text=&#8221;Th\u1ef1c \u0111\u01a1n c\u1ee7a ch\u00fang t\u00f4i&#8221; button_alignment=&#8221;left&#8221; _builder_version=&#8221;4.20.2&#8243; _dynamic_attributes=&#8221;button_url&#8221; _module_preset=&#8221;default&#8221; custom_button=&#8221;off&#8221; animation_style=&#8221;slide&#8221; animation_direction=&#8221;left&#8221; global_colors_info=&#8221;{}&#8221;][\/et_pb_button][et_pb_image src=&#8221;https:\/\/aburi-en.com.vn\/wp-content\/uploads\/2025\/03\/Aburi-en-3-Kinds-Buta-Combo-Jyu.jpg&#8221; alt=&#8221;Mentaiko Chicken Teppan&#8221; title_text=&#8221;Aburi-en-3-Kinds-Buta-Combo-Jyu&#8221; force_fullwidth=&#8221;on&#8221; align_tablet=&#8221;center&#8221; align_phone=&#8221;center&#8221; align_last_edited=&#8221;on|desktop&#8221; _builder_version=&#8221;4.27.4&#8243; _module_preset=&#8221;default&#8221; custom_margin=&#8221;60px||60px||true|false&#8221; animation_style=&#8221;slide&#8221; animation_direction=&#8221;top&#8221; animation_duration=&#8221;1500ms&#8221; animation_delay=&#8221;200ms&#8221; animation_intensity_slide=&#8221;4%&#8221; hover_enabled=&#8221;0&#8243; locked=&#8221;off&#8221; global_colors_info=&#8221;{}&#8221; sticky_enabled=&#8221;0&#8243;][\/et_pb_image][\/et_pb_column][et_pb_column type=&#8221;1_2&#8243; _builder_version=&#8221;4.16&#8243; _module_preset=&#8221;default&#8221; custom_padding=&#8221;|||&#8221; global_colors_info=&#8221;{}&#8221; custom_padding__hover=&#8221;|||&#8221;][et_pb_image src=&#8221;https:\/\/aburi-en.com.vn\/wp-content\/uploads\/2025\/03\/Aburi-en-3-Mentaiko-Chicken-Teppan-.jpg&#8221; alt=&#8221;11-C\u00e1c lo\u1ea1i Chirashi Kaisen Don&#8221; title_text=&#8221;Aburi-en-3-Mentaiko-Chicken-Teppan-&#8221; force_fullwidth=&#8221;on&#8221; align_tablet=&#8221;center&#8221; align_phone=&#8221;center&#8221; align_last_edited=&#8221;on|desktop&#8221; _builder_version=&#8221;4.27.4&#8243; _module_preset=&#8221;default&#8221; custom_margin=&#8221;60px||60px||true|&#8221; animation_style=&#8221;slide&#8221; animation_direction=&#8221;bottom&#8221; animation_duration=&#8221;1500ms&#8221; animation_delay=&#8221;400ms&#8221; animation_intensity_slide=&#8221;7%&#8221; hover_enabled=&#8221;0&#8243; animation=&#8221;right&#8221; global_colors_info=&#8221;{}&#8221; sticky_enabled=&#8221;0&#8243;][\/et_pb_image][et_pb_text _builder_version=&#8221;4.27.4&#8243; _module_preset=&#8221;default&#8221; header_2_font=&#8221;|||on|||||&#8221; header_2_text_color=&#8221;#F3F3F6&#8243; background_layout=&#8221;dark&#8221; animation_style=&#8221;slide&#8221; animation_direction=&#8221;right&#8221; animation_duration=&#8221;1500ms&#8221; hover_enabled=&#8221;0&#8243; global_colors_info=&#8221;{}&#8221; sticky_enabled=&#8221;0&#8243;]<\/p>\n<h2>G\u00e0 N\u01b0\u1edbng V\u1ec9 Mentaiko<\/h2>\n<p>M\u1ed9t trong nh\u1eefng m\u00f3n \u0103n b\u00e1n ch\u1ea1y nh\u1ea5t c\u1ee7a ch\u00fang t\u00f4i, \u0111\u00f9i g\u00e0 n\u01b0\u1edbng n\u00f3ng h\u1ed5i \u0111\u01b0\u1ee3c ph\u1ee7 s\u1ed1t mentaiko \u0111\u1eadm \u0111\u00e0 v\u00e0 ph\u00f4 mai b\u00e9o ng\u1eady, k\u1ebft h\u1ee3p c\u00f9ng n\u1ea5m shimeji, b\u00f4ng c\u1ea3i xanh v\u00e0 b\u1eafp ng\u1ecdt. S\u1ef1 h\u00f2a quy\u1ec7n ho\u00e0n h\u1ea3o c\u1ee7a h\u01b0\u01a1ng v\u1ecb v\u00e0 k\u1ebft c\u1ea5u, ch\u1eafc ch\u1eafn s\u1ebd l\u00e0m h\u00e0i l\u00f2ng v\u1ecb gi\u00e1c![\/et_pb_text][et_pb_button button_url=&#8221;@ET-DC@eyJkeW5hbWljIjp0cnVlLCJjb250ZW50IjoicG9zdF9saW5rX3VybF9wYWdlIiwic2V0dGluZ3MiOnsicG9zdF9pZCI6IjEwNSIsImVuYWJsZV9odG1sIjoib2ZmIn19@&#8221; button_text=&#8221;Th\u1ef1c \u0111\u01a1n c\u1ee7a ch\u00fang t\u00f4i&#8221; button_alignment=&#8221;left&#8221; _builder_version=&#8221;4.20.2&#8243; _dynamic_attributes=&#8221;button_url&#8221; _module_preset=&#8221;default&#8221; custom_button=&#8221;off&#8221; animation_style=&#8221;slide&#8221; animation_direction=&#8221;right&#8221; global_colors_info=&#8221;{}&#8221;][\/et_pb_button][et_pb_code _builder_version=&#8221;4.21.0&#8243; _module_preset=&#8221;default&#8221; global_colors_info=&#8221;{}&#8221;]<!---<script><!-- [et_pb_line_break_holder] --> (function () {<!-- [et_pb_line_break_holder] --> DiviArea.addAction(&#8216;ready&#8217;, function () {<!-- [et_pb_line_break_holder] --> \/\/ Option 2: Show the Popup after 2 seconds.<!-- [et_pb_line_break_holder] --> var popupId = &#8216;mizayaki&#8217;; \/\/ TODO: \u2190 Enter the ID of your Popup here!<!-- [et_pb_line_break_holder] --><!-- [et_pb_line_break_holder] --> window.setTimeout(function () {<!-- [et_pb_line_break_holder] --> DiviArea.show(popupId);<!-- [et_pb_line_break_holder] --> }, 2000);<!-- [et_pb_line_break_holder] --> });<!-- [et_pb_line_break_holder] --> })();<!-- [et_pb_line_break_holder] --><\/script><!-- [et_pb_line_break_holder] -->&#8211;&gt;[\/et_pb_code][\/et_pb_column][\/et_pb_row][\/et_pb_section][et_pb_section fb_built=&#8221;1&#8243; admin_label=&#8221;Sake&#8221; _builder_version=&#8221;4.20.2&#8243; _module_preset=&#8221;default&#8221; background_color=&#8221;#F1E9E3&#8243; background_enable_image=&#8221;off&#8221; background_size=&#8221;contain&#8221; background_position=&#8221;top_left&#8221; custom_padding=&#8221;|0px||0px|true|false&#8221; da_disable_devices=&#8221;off|off|off&#8221; global_colors_info=&#8221;{}&#8221; da_is_popup=&#8221;off&#8221; da_exit_intent=&#8221;off&#8221; da_has_close=&#8221;on&#8221; da_alt_close=&#8221;off&#8221; da_dark_close=&#8221;off&#8221; da_not_modal=&#8221;on&#8221; da_is_singular=&#8221;off&#8221; da_with_loader=&#8221;off&#8221; da_has_shadow=&#8221;on&#8221;][et_pb_row column_structure=&#8221;1_4,3_4&#8243; use_custom_gutter=&#8221;on&#8221; make_equal=&#8221;on&#8221; _builder_version=&#8221;4.20.2&#8243; _module_preset=&#8221;default&#8221; global_colors_info=&#8221;{}&#8221;][et_pb_column type=&#8221;1_4&#8243; _builder_version=&#8221;4.17.3&#8243; _module_preset=&#8221;default&#8221; global_colors_info=&#8221;{}&#8221;][et_pb_image src=&#8221;https:\/\/aburi-en.com.vn\/wp-content\/uploads\/2023\/07\/top-quality-japanese-rice.jpg&#8221; alt=&#8221;G\u1ea1o Nh\u1eadt Th\u01b0\u1ee3ng H\u1ea1ng&#8221; title_text=&#8221;G\u1ea1o Nh\u1eadt Th\u01b0\u1ee3ng H\u1ea1ng&#8221; _builder_version=&#8221;4.20.2&#8243; _module_preset=&#8221;default&#8221; width=&#8221;100%&#8221; module_alignment=&#8221;center&#8221; animation_style=&#8221;roll&#8221; animation_duration=&#8221;1500ms&#8221; animation_delay=&#8221;300ms&#8221; global_colors_info=&#8221;{}&#8221;][\/et_pb_image][\/et_pb_column][et_pb_column type=&#8221;3_4&#8243; _builder_version=&#8221;4.17.3&#8243; _module_preset=&#8221;default&#8221; global_colors_info=&#8221;{}&#8221;][et_pb_text _builder_version=&#8221;4.20.2&#8243; _module_preset=&#8221;default&#8221; header_2_font=&#8221;|||on|||||&#8221; animation_style=&#8221;slide&#8221; animation_direction=&#8221;right&#8221; animation_duration=&#8221;1500ms&#8221; global_colors_info=&#8221;{}&#8221;]<\/p>\n<h2><span style=\"font-weight: 400;\">G\u1ea1o Nh\u1eadt Th\u01b0\u1ee3ng H\u1ea1ng<\/span><\/h2>\n<p><span style=\"font-weight: 400;\">M\u1ed9t trong nh\u1eefng b\u00ed quy\u1ebft t\u1ea1o n\u00ean c\u00e1c m\u00f3n donburi th\u01a1m ngon c\u1ee7a ch\u00fang t\u00f4i l\u00e0 vi\u1ec7c s\u1eed d\u1ee5ng g\u1ea1o \u201cNanatsuboshi\u201d t\u1eeb Hokkaido. \u0110\u01b0\u1ee3c tr\u1ed3ng trong kh\u00ed h\u1eadu l\u1ea1nh v\u00e0 ngu\u1ed3n n\u01b0\u1edbc trong l\u00e0nh c\u1ee7a Hokkaido, lo\u1ea1i g\u1ea1o h\u1ea1ng A n\u00e0y c\u00f3 h\u01b0\u01a1ng v\u1ecb c\u00e2n b\u1eb1ng v\u00e0 th\u01a1m ngon, mang l\u1ea1i c\u1ea3m gi\u00e1c th\u00edch th\u00fa khi th\u01b0\u1edfng th\u1ee9c. <\/span><\/p>\n<p>[\/et_pb_text][et_pb_button button_url=&#8221;@ET-DC@eyJkeW5hbWljIjp0cnVlLCJjb250ZW50IjoicG9zdF9saW5rX3VybF9wYWdlIiwic2V0dGluZ3MiOnsicG9zdF9pZCI6IjEyNCIsImVuYWJsZV9odG1sIjoib2ZmIn19@&#8221; button_text=&#8221;T\u00ecm Hi\u1ec3u Th\u00eam &#8221; button_alignment=&#8221;left&#8221; _builder_version=&#8221;4.20.2&#8243; _dynamic_attributes=&#8221;button_url&#8221; _module_preset=&#8221;default&#8221; custom_button=&#8221;off&#8221; animation_style=&#8221;slide&#8221; animation_direction=&#8221;right&#8221; global_colors_info=&#8221;{}&#8221;][\/et_pb_button][\/et_pb_column][\/et_pb_row][\/et_pb_section][et_pb_section fb_built=&#8221;1&#8243; admin_label=&#8221;Popup &#8211; #mizayaki&#8221; module_id=&#8221;mizayaki&#8221; module_class=&#8221;popup&#8221; _builder_version=&#8221;4.21.0&#8243; _module_preset=&#8221;default&#8221; width=&#8221;50%&#8221; custom_padding=&#8221;0px||0px||false|false&#8221; da_is_popup=&#8221;on&#8221; da_popup_slug=&#8221;mizayaki&#8221; da_disable_devices=&#8221;off|off|off&#8221; global_colors_info=&#8221;{}&#8221; da_exit_intent=&#8221;off&#8221; da_has_close=&#8221;on&#8221; da_alt_close=&#8221;off&#8221; da_dark_close=&#8221;off&#8221; da_not_modal=&#8221;on&#8221; da_is_singular=&#8221;off&#8221; da_with_loader=&#8221;off&#8221; da_has_shadow=&#8221;on&#8221;][et_pb_row _builder_version=&#8221;4.21.0&#8243; _module_preset=&#8221;default&#8221; width=&#8221;100%&#8221; custom_padding=&#8221;0px||0px||false|false&#8221; global_colors_info=&#8221;{}&#8221;][et_pb_column type=&#8221;4_4&#8243; _builder_version=&#8221;4.21.0&#8243; _module_preset=&#8221;default&#8221; global_colors_info=&#8221;{}&#8221;][et_pb_image src=&#8221;https:\/\/aburi-en.com.vn\/wp-content\/uploads\/2023\/11\/ABR_Miyazakigyu-5th-Anniv.jpg&#8221; alt=&#8221;Miyazagi&#8221; title_text=&#8221;ABR_Miyazakigyu-5th-Anniv&#8221; align=&#8221;center&#8221; _builder_version=&#8221;4.21.0&#8243; _module_preset=&#8221;default&#8221; global_colors_info=&#8221;{}&#8221;][\/et_pb_image][\/et_pb_column][\/et_pb_row][\/et_pb_section]<\/p>\n","protected":false},"excerpt":{"rendered":"<p>Ch\u00e0o m\u1eebng \u0111\u1ebfn v\u1edbi Aburi-EN Ch\u00fang t\u00f4i ph\u1ee5c v\u1ee5 c\u00e1c m\u00f3n n\u01b0\u1edbng ki\u1ec3u Nh\u1eadt th\u01b0\u1ee3ng h\u1ea1ng.DONBURI TH\u01af\u1ee2NG H\u1ea0NG Aburi-EN mang \u0111\u1ebfn th\u1ef1c \u0111\u01a1n \u0111a d\u1ea1ng v\u1edbi nh\u1eefng t\u00f4 donburi (c\u01a1m b\u00e1t Nh\u1eadt) ch\u1ea5t l\u01b0\u1ee3ng cao v\u1edbi m\u1ee9c gi\u00e1 h\u1ee3p l\u00fd, trong kh\u00f4ng gian tho\u1ea3i m\u00e1i v\u00e0 \u1ea5m c\u00fang. Nh\u00e0 h\u00e0ng t\u1ef1 h\u00e0o v\u1edbi n\u01b0\u1edbc s\u1ed1t [&hellip;]<\/p>\n","protected":false},"author":1,"featured_media":279408,"parent":0,"menu_order":0,"comment_status":"closed","ping_status":"closed","template":"","meta":{"_et_pb_use_builder":"on","_et_pb_old_content":"","_et_gb_content_width":"","footnotes":""},"difl_page_category":[],"class_list":["post-279474","page","type-page","status-publish","has-post-thumbnail","hentry"],"publishpress_future_action":{"enabled":false,"date":"2026-05-07 15:34:30","action":"change-status","newStatus":"draft","terms":[],"taxonomy":"difl_page_category","extraData":[]},"publishpress_future_workflow_manual_trigger":{"enabledWorkflows":[]},"_links":{"self":[{"href":"https:\/\/aburi-en.com.vn\/vi\/wp-json\/wp\/v2\/pages\/279474","targetHints":{"allow":["GET"]}}],"collection":[{"href":"https:\/\/aburi-en.com.vn\/vi\/wp-json\/wp\/v2\/pages"}],"about":[{"href":"https:\/\/aburi-en.com.vn\/vi\/wp-json\/wp\/v2\/types\/page"}],"author":[{"embeddable":true,"href":"https:\/\/aburi-en.com.vn\/vi\/wp-json\/wp\/v2\/users\/1"}],"replies":[{"embeddable":true,"href":"https:\/\/aburi-en.com.vn\/vi\/wp-json\/wp\/v2\/comments?post=279474"}],"version-history":[{"count":8,"href":"https:\/\/aburi-en.com.vn\/vi\/wp-json\/wp\/v2\/pages\/279474\/revisions"}],"predecessor-version":[{"id":279646,"href":"https:\/\/aburi-en.com.vn\/vi\/wp-json\/wp\/v2\/pages\/279474\/revisions\/279646"}],"wp:featuredmedia":[{"embeddable":true,"href":"https:\/\/aburi-en.com.vn\/vi\/wp-json\/wp\/v2\/media\/279408"}],"wp:attachment":[{"href":"https:\/\/aburi-en.com.vn\/vi\/wp-json\/wp\/v2\/media?parent=279474"}],"wp:term":[{"taxonomy":"difl_page_category","embeddable":true,"href":"https:\/\/aburi-en.com.vn\/vi\/wp-json\/wp\/v2\/difl_page_category?post=279474"}],"curies":[{"name":"wp","href":"https:\/\/api.w.org\/{rel}","templated":true}]}}