{"id":279478,"date":"2023-04-11T16:54:54","date_gmt":"2023-04-11T08:54:54","guid":{"rendered":"https:\/\/aburi-en.com.vn\/dia-diem\/"},"modified":"2026-03-12T13:03:48","modified_gmt":"2026-03-12T05:03:48","slug":"dia-diem","status":"publish","type":"page","link":"https:\/\/aburi-en.com.vn\/vi\/dia-diem\/","title":{"rendered":"\u0110\u1ecba \u0111i\u1ec3m"},"content":{"rendered":"<p>[et_pb_section fb_built=&#8221;1&#8243; next_background_color=&#8221;#F1E9E3&#8243; _builder_version=&#8221;4.27.4&#8243; _module_preset=&#8221;default&#8221; background_color=&#8221;#000000&#8243; use_background_color_gradient=&#8221;on&#8221; background_color_gradient_stops=&#8221;rgba(0,0,0,0.6) 0%|rgba(0,0,0,0.5) 100%&#8221; background_color_gradient_overlays_image=&#8221;on&#8221; background_image=&#8221;https:\/\/aburi-en.com.vn\/wp-content\/uploads\/2025\/03\/Aburi-decor.jpg&#8221; custom_padding=&#8221;140px||80px||false|false&#8221; bottom_divider_style=&#8221;curve2&#8243; da_disable_devices=&#8221;off|off|off&#8221; global_colors_info=&#8221;{}&#8221; da_is_popup=&#8221;off&#8221; da_exit_intent=&#8221;off&#8221; da_has_close=&#8221;on&#8221; da_alt_close=&#8221;off&#8221; da_dark_close=&#8221;off&#8221; da_not_modal=&#8221;on&#8221; da_is_singular=&#8221;off&#8221; da_with_loader=&#8221;off&#8221; da_has_shadow=&#8221;on&#8221;][et_pb_row _builder_version=&#8221;4.17.3&#8243; _module_preset=&#8221;default&#8221; global_colors_info=&#8221;{}&#8221;][et_pb_column type=&#8221;4_4&#8243; _builder_version=&#8221;4.17.3&#8243; _module_preset=&#8221;default&#8221; global_colors_info=&#8221;{}&#8221;][et_pb_text _builder_version=&#8221;4.20.2&#8243; _module_preset=&#8221;default&#8221; header_font=&#8221;|||on|||||&#8221; header_4_text_color=&#8221;#FEEBA8&#8243; text_orientation=&#8221;center&#8221; background_layout=&#8221;dark&#8221; global_colors_info=&#8221;{}&#8221;]<\/p>\n<h5>Xem th\u00eam<\/h5>\n<h1>\u0110\u1ecba \u0111i\u1ec3m<\/h1>\n<p>[\/et_pb_text][\/et_pb_column][\/et_pb_row][\/et_pb_section][et_pb_section fb_built=&#8221;1&#8243; admin_label=&#8221;Content&#8221; _builder_version=&#8221;4.20.2&#8243; _module_preset=&#8221;default&#8221; background_color=&#8221;#F1E9E3&#8243; background_enable_image=&#8221;off&#8221; background_size=&#8221;initial&#8221; background_repeat=&#8221;repeat&#8221; custom_padding=&#8221;||||false|false&#8221; da_disable_devices=&#8221;off|off|off&#8221; collapsed=&#8221;off&#8221; global_colors_info=&#8221;{}&#8221; da_is_popup=&#8221;off&#8221; da_exit_intent=&#8221;off&#8221; da_has_close=&#8221;on&#8221; da_alt_close=&#8221;off&#8221; da_dark_close=&#8221;off&#8221; da_not_modal=&#8221;on&#8221; da_is_singular=&#8221;off&#8221; da_with_loader=&#8221;off&#8221; da_has_shadow=&#8221;on&#8221;][et_pb_row _builder_version=&#8221;4.17.3&#8243; _module_preset=&#8221;default&#8221; global_colors_info=&#8221;{}&#8221;][et_pb_column type=&#8221;4_4&#8243; _builder_version=&#8221;4.17.3&#8243; _module_preset=&#8221;default&#8221; global_colors_info=&#8221;{}&#8221;][difl_imagegallery _builder_version=&#8221;4.27.4&#8243; _module_preset=&#8221;default&#8221; global_colors_info=&#8221;{}&#8221;][difl_imagegalleryitem gallery_ids=&#8221;279632,279630,279628,279626&#8243; _builder_version=&#8221;4.27.4&#8243; _module_preset=&#8221;default&#8221; global_colors_info=&#8221;{}&#8221;][\/difl_imagegalleryitem][\/difl_imagegallery][et_pb_text _builder_version=&#8221;4.27.4&#8243; _module_preset=&#8221;default&#8221; text_font_size=&#8221;24px&#8221; header_2_font=&#8221;|||on|||||&#8221; text_orientation=&#8221;center&#8221; text_font_size_tablet=&#8221;24px&#8221; text_font_size_phone=&#8221;18px&#8221; text_font_size_last_edited=&#8221;on|phone&#8221; global_colors_info=&#8221;{}&#8221;]<\/p>\n<p>T\u00ecm c\u01a1 s\u1edf g\u1ea7n nh\u1ea5t c\u1ee7a ch\u00fang t\u00f4i \u0111\u1ec3 th\u01b0\u1edfng th\u1ee9c m\u00f3n Nh\u1eadt ngon ho\u1eb7c l\u1ef1a ch\u1ecdn mang v\u1ec1.<br \/>Gi\u1edd m\u1edf c\u1eeda: 11:00 &#8211; 22:00<\/p>\n<p>[\/et_pb_text][\/et_pb_column][\/et_pb_row][et_pb_row _builder_version=&#8221;4.27.4&#8243; _module_preset=&#8221;default&#8221; width=&#8221;50%&#8221; width_tablet=&#8221;50%&#8221; width_phone=&#8221;80%&#8221; width_last_edited=&#8221;on|phone&#8221; global_colors_info=&#8221;{}&#8221;][et_pb_column type=&#8221;4_4&#8243; _builder_version=&#8221;4.27.4&#8243; _module_preset=&#8221;default&#8221; global_colors_info=&#8221;{}&#8221;][et_pb_text _builder_version=&#8221;4.27.5&#8243; _module_preset=&#8221;default&#8221; text_orientation=&#8221;center&#8221; hover_enabled=&#8221;0&#8243; global_colors_info=&#8221;{}&#8221; sticky_enabled=&#8221;0&#8243;]<\/p>\n<p>C\u1eeda h\u00e0ng flagship c\u1ee7a ch\u00fang t\u00f4i, c\u0169ng l\u00e0 \u0111\u1ecba \u0111i\u1ec3m \u0111\u1ea7u ti\u00ean, t\u1ecda l\u1ea1c ngay trung t\u00e2m Qu\u1eadn 1 s\u1ea7m u\u1ea5t c\u1ee7a S\u00e0i G\u00f2n. N\u1eb1m tr\u00ean con ph\u1ed1 Pasteur s\u00f4i \u0111\u1ed9ng\u2014n\u1ed5i ti\u1ebfng v\u1edbi h\u00e0ng lo\u1ea1t nh\u00e0 h\u00e0ng, qu\u00e1n bar v\u00e0 qu\u00e1n c\u00e0 ph\u00ea\u2014v\u1ecb tr\u00ed \u0111\u1eafc \u0111\u1ecba n\u00e0y mang \u0111\u1ebfn m\u1ed9t b\u1ea7u kh\u00f4ng kh\u00ed \u0111\u1ea7y s\u00f4i \u0111\u1ed9ng v\u00e0 th\u00fa v\u1ecb. <\/p>\n<p>[\/et_pb_text][\/et_pb_column][\/et_pb_row][et_pb_row _builder_version=&#8221;4.27.5&#8243; _module_preset=&#8221;default&#8221; column_structure=&#8221;1_2,1_2&#8243; width=&#8221;50%&#8221; hover_enabled=&#8221;0&#8243; sticky_enabled=&#8221;0&#8243; width_last_edited=&#8221;on|phone&#8221; width_phone=&#8221;80%&#8221; width_tablet=&#8221;50%&#8221;][et_pb_column _builder_version=&#8221;4.27.5&#8243; _module_preset=&#8221;default&#8221; type=&#8221;1_2&#8243;][et_pb_text _builder_version=&#8221;4.27.5&#8243; _module_preset=&#8221;default&#8221; hover_enabled=&#8221;0&#8243; sticky_enabled=&#8221;0&#8243;]<\/p>\n<h4>Aburi-EN (Pasteur)<\/h4>\n<p>116 Pasteur, Ph\u01b0\u1eddng S\u00e0i G\u00f2n,<br \/>TP. H\u1ed3 Ch\u00ed Minh<br \/>Hotline: +84 28 3868 8813<br \/>Zalo: +84 902 378 662<br \/>Email: <a href=\"mailto:enquiry@engroup.com.vn\">enquiry@engroup.com.vn<\/a><\/p>\n<p>[\/et_pb_text][et_pb_button button_url=&#8221;https:\/\/maps.app.goo.gl\/fiUyPeS1sY4EbJnd8&#8243; url_new_window=&#8221;on&#8221; button_text=&#8221;Google Map&#8221; _builder_version=&#8221;4.27.5&#8243; _module_preset=&#8221;default&#8221; button_text_color=&#8221;#FFFFFF&#8221; button_icon=&#8221;&#xe01d;||divi||400&#8243; button_icon_placement=&#8221;left&#8221; hover_enabled=&#8221;0&#8243; global_colors_info=&#8221;{}&#8221; button_alignment=&#8221;left&#8221; sticky_enabled=&#8221;0&#8243;][\/et_pb_button][\/et_pb_column][et_pb_column _builder_version=&#8221;4.27.5&#8243; _module_preset=&#8221;default&#8221; type=&#8221;1_2&#8243;][et_pb_text _builder_version=&#8221;4.27.5&#8243; _module_preset=&#8221;default&#8221; hover_enabled=&#8221;0&#8243; sticky_enabled=&#8221;0&#8243;]<\/p>\n<h4>Aburi-EN (Crescent Mall)<\/h4>\n<p>3F-54 Crescent Mall,<br \/>101 T\u00f4n D\u1eadt Ti\u00ean, Ph\u01b0\u1eddng T\u00e2n M\u1ef9, <br \/>TP. H\u1ed3 Ch\u00ed Minh<br \/>Hotline: +84 28 3868 8813<br \/>Zalo: +84 902 378 662<br \/>Email: <a href=\"mailto:enquiry@engroup.com.vn\">enquiry@engroup.com.vn<\/a><\/p>\n<p>[\/et_pb_text][et_pb_button button_url=&#8221;https:\/\/maps.app.goo.gl\/kQbgCY3mka2EyZEZ6&#8243; url_new_window=&#8221;on&#8221; button_text=&#8221;Google Map&#8221; _builder_version=&#8221;4.27.5&#8243; _module_preset=&#8221;default&#8221; button_text_color=&#8221;#FFFFFF&#8221; button_icon=&#8221;&#xe01d;||divi||400&#8243; button_icon_placement=&#8221;left&#8221; hover_enabled=&#8221;0&#8243; global_colors_info=&#8221;{}&#8221; button_alignment=&#8221;left&#8221; sticky_enabled=&#8221;0&#8243;][\/et_pb_button][\/et_pb_column][\/et_pb_row][\/et_pb_section]<\/p>\n","protected":false},"excerpt":{"rendered":"<p>Xem th\u00eam \u0110\u1ecba \u0111i\u1ec3m<div class=\"et_pb_with_border et_pb_module difl_imagegallery difl_imagegallery_0\">\n\t\t\t\t\n\t\t\t\t\n\t\t\t\t\n\t\t\t\t\n\t\t\t\t\n\t\t\t\t\n\t\t\t\t<div class=\"et_pb_module_inner\">\n\t\t\t\t\t<div class=\"df_ig_container\" data-settings='{\"image_ids\":\"279632, 279630, 279628, 279626\",\"show_caption\":\"off\",\"show_description\":\"off\",\"image_size\":\"medium\",\"use_orientation\":\"off\",\"image_orientation\":\"landscape\",\"filter_nav\":\"off\",\"layout_mode\":\"masonry\",\"load_more\":\"off\",\"init_count\":\"6\",\"image_count\":\"4\",\"use_lightbox\":\"off\",\"use_lightbox_content\":\"off\",\"use_lightbox_download\":\"off\",\"caption_tag\":\"h4\",\"description_tag\":\"p\",\"image_scale\":\"no-image-scale\",\"enable_content_position\":\"off\",\"content_position_outside\":\"c4-layout-bottom-left\",\"content_position\":\"c4-layout-top-left\",\"content_reveal_caption\":\"c4-fade-up\",\"content_reveal_description\":\"c4-fade-up\",\"border_anim\":\"off\",\"border_anm_style\":\"c4-border-fade\",\"always_show_title\":\"off\",\"always_show_description\":\"off\",\"use_url\":\"off\",\"url_target\":\"same_window\",\"overlay\":\"off\",\"field_use_icon\":\"off\",\"field_font_icon\":\"5\",\"content_reveal_icon\":\"c4-fade-up\",\"show_pagination\":\"off\",\"pagination_img_count\":\"6\",\"use_number_pagination\":\"off\",\"older_text\":\"Older Entries\",\"newer_text\":\"Next Entries\",\"use_icon_only_at_pagination\":\"off\"}'>\n                \n                <div class=\"df_ig_gallery grid\" style=\"opacity:0;\">\n                    <div class=\"df_ig_image grid-item \" data-src=\"https:\/\/aburi-en.com.vn\/wp-content\/uploads\/2025\/03\/restaurant-interior.jpg\" >\n                <div class=\"item-content no-image-scale\" >\n                    \n                    <figure class=\" c4-izmir  has_overlay\">\n                        \n                        <img decoding=\"async\" class=\"ig-image\" src=\"https:\/\/aburi-en.com.vn\/wp-content\/uploads\/2025\/03\/restaurant-interior-300x200.jpg\" alt=\"\" class=\"\"\/>\n                        <figcaption class=\"df_ig_content c4-layout-top-left  empty_content \">\n                            \n                        <\/figcaption>\n                    <\/figure>\n                    \n                <\/div>\n            <\/div><div class=\"df_ig_image grid-item \" data-src=\"https:\/\/aburi-en.com.vn\/wp-content\/uploads\/2025\/03\/seating-area.jpg\" >\n                <div class=\"item-content no-image-scale\" >\n                    \n                    <figure class=\" c4-izmir  has_overlay\">\n                        \n                        <img decoding=\"async\" class=\"ig-image\" src=\"https:\/\/aburi-en.com.vn\/wp-content\/uploads\/2025\/03\/seating-area-300x200.jpg\" alt=\"\" class=\"\"\/>\n                        <figcaption class=\"df_ig_content c4-layout-top-left  empty_content \">\n                            \n                        <\/figcaption>\n                    <\/figure>\n                    \n                <\/div>\n            <\/div><div class=\"df_ig_image grid-item \" data-src=\"https:\/\/aburi-en.com.vn\/wp-content\/uploads\/2025\/03\/restaurant-entrance.jpg\" >\n                <div class=\"item-content no-image-scale\" >\n                    \n                    <figure class=\" c4-izmir  has_overlay\">\n                        \n                        <img decoding=\"async\" class=\"ig-image\" src=\"https:\/\/aburi-en.com.vn\/wp-content\/uploads\/2025\/03\/restaurant-entrance-300x200.jpg\" alt=\"\" class=\"\"\/>\n                        <figcaption class=\"df_ig_content c4-layout-top-left  empty_content \">\n                            \n                        <\/figcaption>\n                    <\/figure>\n                    \n                <\/div>\n            <\/div><div class=\"df_ig_image grid-item \" data-src=\"https:\/\/aburi-en.com.vn\/wp-content\/uploads\/2025\/03\/restaurant-building.jpg\" >\n                <div class=\"item-content no-image-scale\" >\n                    \n                    <figure class=\" c4-izmir  has_overlay\">\n                        \n                        <img decoding=\"async\" class=\"ig-image\" src=\"https:\/\/aburi-en.com.vn\/wp-content\/uploads\/2025\/03\/restaurant-building-300x200.jpg\" alt=\"\" class=\"\"\/>\n                        <figcaption class=\"df_ig_content c4-layout-top-left  empty_content \">\n                            \n                        <\/figcaption>\n                    <\/figure>\n                    \n                <\/div>\n            <\/div>\n                <\/div>\n                \n                \n            <\/div>\n\t\t\t\t<\/div>\n\t\t\t<\/div>T\u00ecm c\u01a1 s\u1edf g\u1ea7n nh\u1ea5t c\u1ee7a ch\u00fang t\u00f4i \u0111\u1ec3 th\u01b0\u1edfng th\u1ee9c m\u00f3n Nh\u1eadt ngon ho\u1eb7c l\u1ef1a ch\u1ecdn mang v\u1ec1.Gi\u1edd m\u1edf c\u1eeda: 11:00 &#8211; 22:00C\u1eeda h\u00e0ng flagship c\u1ee7a ch\u00fang t\u00f4i, c\u0169ng l\u00e0 \u0111\u1ecba \u0111i\u1ec3m \u0111\u1ea7u ti\u00ean, t\u1ecda l\u1ea1c ngay trung t\u00e2m Qu\u1eadn 1 s\u1ea7m u\u1ea5t c\u1ee7a [&hellip;]<\/p>\n","protected":false},"author":1,"featured_media":279391,"parent":0,"menu_order":2,"comment_status":"closed","ping_status":"closed","template":"","meta":{"_et_pb_use_builder":"on","_et_pb_old_content":"","_et_gb_content_width":"","footnotes":""},"difl_page_category":[],"class_list":["post-279478","page","type-page","status-publish","has-post-thumbnail","hentry"],"publishpress_future_action":{"enabled":false,"date":"2026-05-09 17:00:37","action":"change-status","newStatus":"draft","terms":[],"taxonomy":"difl_page_category","extraData":[]},"publishpress_future_workflow_manual_trigger":{"enabledWorkflows":[]},"_links":{"self":[{"href":"https:\/\/aburi-en.com.vn\/vi\/wp-json\/wp\/v2\/pages\/279478","targetHints":{"allow":["GET"]}}],"collection":[{"href":"https:\/\/aburi-en.com.vn\/vi\/wp-json\/wp\/v2\/pages"}],"about":[{"href":"https:\/\/aburi-en.com.vn\/vi\/wp-json\/wp\/v2\/types\/page"}],"author":[{"embeddable":true,"href":"https:\/\/aburi-en.com.vn\/vi\/wp-json\/wp\/v2\/users\/1"}],"replies":[{"embeddable":true,"href":"https:\/\/aburi-en.com.vn\/vi\/wp-json\/wp\/v2\/comments?post=279478"}],"version-history":[{"count":10,"href":"https:\/\/aburi-en.com.vn\/vi\/wp-json\/wp\/v2\/pages\/279478\/revisions"}],"predecessor-version":[{"id":279741,"href":"https:\/\/aburi-en.com.vn\/vi\/wp-json\/wp\/v2\/pages\/279478\/revisions\/279741"}],"wp:featuredmedia":[{"embeddable":true,"href":"https:\/\/aburi-en.com.vn\/vi\/wp-json\/wp\/v2\/media\/279391"}],"wp:attachment":[{"href":"https:\/\/aburi-en.com.vn\/vi\/wp-json\/wp\/v2\/media?parent=279478"}],"wp:term":[{"taxonomy":"difl_page_category","embeddable":true,"href":"https:\/\/aburi-en.com.vn\/vi\/wp-json\/wp\/v2\/difl_page_category?post=279478"}],"curies":[{"name":"wp","href":"https:\/\/api.w.org\/{rel}","templated":true}]}}