{"id":279484,"date":"2023-04-11T15:58:41","date_gmt":"2023-04-11T07:58:41","guid":{"rendered":"https:\/\/aburi-en.com.vn\/thuc-don\/"},"modified":"2025-02-26T15:18:26","modified_gmt":"2025-02-26T07:18:26","slug":"thuc-don","status":"publish","type":"page","link":"https:\/\/aburi-en.com.vn\/vi\/thuc-don\/","title":{"rendered":"Th\u1ef1c \u0110\u01a1n"},"content":{"rendered":"<p>[et_pb_section fb_built=&#8221;1&#8243; next_background_color=&#8221;#F1E9E3&#8243; _builder_version=&#8221;4.20.2&#8243; _module_preset=&#8221;default&#8221; background_color=&#8221;#000000&#8243; use_background_color_gradient=&#8221;on&#8221; background_color_gradient_stops=&#8221;rgba(0,0,0,0.6) 0%|rgba(0,0,0,0.5) 100%&#8221; background_color_gradient_overlays_image=&#8221;on&#8221; background_image=&#8221;http:\/\/aburi-en.com\/wp-content\/uploads\/2023\/05\/Premium-Wagyu-Jyu-1.jpg&#8221; custom_padding=&#8221;140px||80px||false|false&#8221; bottom_divider_style=&#8221;curve2&#8243; da_disable_devices=&#8221;off|off|off&#8221; global_colors_info=&#8221;{}&#8221; da_is_popup=&#8221;off&#8221; da_exit_intent=&#8221;off&#8221; da_has_close=&#8221;on&#8221; da_alt_close=&#8221;off&#8221; da_dark_close=&#8221;off&#8221; da_not_modal=&#8221;on&#8221; da_is_singular=&#8221;off&#8221; da_with_loader=&#8221;off&#8221; da_has_shadow=&#8221;on&#8221;][et_pb_row _builder_version=&#8221;4.17.3&#8243; _module_preset=&#8221;default&#8221; global_colors_info=&#8221;{}&#8221;][et_pb_column type=&#8221;4_4&#8243; _builder_version=&#8221;4.17.3&#8243; _module_preset=&#8221;default&#8221; global_colors_info=&#8221;{}&#8221;][et_pb_text _builder_version=&#8221;4.20.2&#8243; _module_preset=&#8221;default&#8221; header_font=&#8221;|||on|||||&#8221; header_4_text_color=&#8221;#FEEBA8&#8243; text_orientation=&#8221;center&#8221; background_layout=&#8221;dark&#8221; global_colors_info=&#8221;{}&#8221;]<\/p>\n<h5>\u304a\u54c1\u66f8\u304d<\/h5>\n<h1>Th\u1ef1c \u0110\u01a1n<\/h1>\n<p>[\/et_pb_text][\/et_pb_column][\/et_pb_row][\/et_pb_section][et_pb_section fb_built=&#8221;1&#8243; custom_padding_last_edited=&#8221;on|phone&#8221; admin_label=&#8221;01 Hover Box&#8221; _builder_version=&#8221;4.21.0&#8243; _module_preset=&#8221;default&#8221; background_color=&#8221;#F1E9E3&#8243; background_enable_image=&#8221;off&#8221; custom_padding=&#8221;83px||83px||true|false&#8221; custom_padding_tablet=&#8221;70px||70px||true|false&#8221; custom_padding_phone=&#8221;60px||60px||true|false&#8221; da_disable_devices=&#8221;off|off|off&#8221; locked=&#8221;off&#8221; collapsed=&#8221;on&#8221; global_colors_info=&#8221;{}&#8221; da_is_popup=&#8221;off&#8221; da_exit_intent=&#8221;off&#8221; da_has_close=&#8221;on&#8221; da_alt_close=&#8221;off&#8221; da_dark_close=&#8221;off&#8221; da_not_modal=&#8221;on&#8221; da_is_singular=&#8221;off&#8221; da_with_loader=&#8221;off&#8221; da_has_shadow=&#8221;on&#8221;][et_pb_row use_custom_gutter=&#8221;on&#8221; gutter_width=&#8221;2&#8243; _builder_version=&#8221;4.27.0&#8243; _module_preset=&#8221;default&#8221; width=&#8221;60%&#8221; width_tablet=&#8221;&#8221; width_phone=&#8221;90%&#8221; width_last_edited=&#8221;on|phone&#8221; max_width=&#8221;1140px&#8221; min_height=&#8221;199.7px&#8221; custom_padding=&#8221;||||true|false&#8221; custom_css_main_element=&#8221;display: flex;&#8221; global_colors_info=&#8221;{}&#8221; custom_css_main_element_last_edited=&#8221;on|tablet&#8221; custom_css_main_element_tablet=&#8221;display: flex;||flex-direction: column;&#8221; custom_css_main_element_phone=&#8221;display: flex;||flex-direction: column;&#8221;][et_pb_column type=&#8221;4_4&#8243; _builder_version=&#8221;4.19.1&#8243; _module_preset=&#8221;default&#8221; global_colors_info=&#8221;{}&#8221;][et_pb_text _builder_version=&#8221;4.27.0&#8243; _module_preset=&#8221;default&#8221; header_2_font=&#8221;|||on|||||&#8221; header_2_font_size=&#8221;35px&#8221; header_2_line_height=&#8221;1.1em&#8221; text_orientation=&#8221;center&#8221; max_width_tablet=&#8221;&#8221; max_width_phone=&#8221;&#8221; max_width_last_edited=&#8221;on|desktop&#8221; custom_margin=&#8221;0px|||&#8221; custom_padding=&#8221;||0px|||&#8221; animation_style=&#8221;slide&#8221; animation_direction=&#8221;bottom&#8221; animation_duration=&#8221;1400ms&#8221; locked=&#8221;off&#8221; global_colors_info=&#8221;{}&#8221;]<\/p>\n<h2>Tham kh\u1ea3o th\u1ef1c \u0111\u01a1n c\u1ee7a ch\u00fang t\u00f4i<\/h2>\n<p><span>V\u1edbi s\u1ef1 ch\u00fa tr\u1ecdng tuy\u1ec7t \u0111\u1ed1i v\u00e0o nguy\u00ean li\u1ec7u ch\u1ea5t l\u01b0\u1ee3ng cao \u0111\u01b0\u1ee3c n\u01b0\u1edbng m\u1ed9t c\u00e1ch \u0111i\u00eau luy\u1ec7n v\u1edbi m\u1ee9c gi\u00e1 h\u1ee3p l\u00fd, kh\u00f4ng c\u00f3 g\u00ec ng\u1ea1c nhi\u00ean khi Aburi-EN tr\u1edf th\u00e0nh s\u1ef1 l\u1ef1a ch\u1ecdn y\u00eau th\u00edch c\u1ee7a nhi\u1ec1u th\u1ef1c kh\u00e1ch. Xin l\u01b0u \u00fd r\u1eb1ng c\u00e1c m\u00f3n \u0103n v\u00e0 th\u1ef1c \u0111\u01a1n c\u00f3 th\u1ec3 thay \u0111\u1ed5i m\u00e0 kh\u00f4ng b\u00e1o tr\u01b0\u1edbc.<\/span><\/p>\n<p>[\/et_pb_text][difl_dual_button btn_left_background_bgcolor=&#8221;#ED1C24&#8243; btn_left_font_icon=&#8221;&#x35;||divi||400&#8243; btn_left_icon_color=&#8221;#FFFFFF&#8221; btn_right_background_bgcolor=&#8221;#ED1C24&#8243; btn_right_icon_color=&#8221;1&#8243; left_button=&#8221;Th\u1ef1c \u0110\u01a1n M\u00f3n \u0102n&#8221; left_button_url=&#8221;https:\/\/aburi-en.com.vn\/wp-content\/uploads\/2025\/02\/Aburi-En-Japanese-Donburi-Restaurant-Saigon-HCMC-Vietnam-Website-Grand-Menu-Thuc-Don.pdf&#8221; left_button_target=&#8221;on&#8221; right_button=&#8221;Th\u1ef1c \u0110\u01a1n \u0110\u1ed3 U\u1ed1ng&#8221; right_button_url=&#8221;https:\/\/aburi-en.com.vn\/wp-content\/uploads\/2025\/02\/Beverage-En-Group-Japanese-Restaurant-Saigon-HCMC-Vietnam-Website-Grand-Menu-Thuc-Don.pdf&#8221; right_button_target=&#8221;on&#8221; right_button_wrapper_margin=&#8221;||||false|false&#8221; left_button_margin=&#8221;|10px|||false|false&#8221; alignment=&#8221;center&#8221; _builder_version=&#8221;4.27.4&#8243; _module_preset=&#8221;default&#8221; left_button_font=&#8221;|||on|||||&#8221; left_button_text_color=&#8221;#FFFFFF&#8221; left_button_font_size=&#8221;18px&#8221; left_button_letter_spacing=&#8221;1px&#8221; right_button_font=&#8221;|||on|||||&#8221; right_button_text_color=&#8221;#FFFFFF&#8221; right_button_font_size=&#8221;18px&#8221; hover_enabled=&#8221;0&#8243; border_radii_left_button=&#8221;on|5px|5px|5px|5px&#8221; border_color_all_left_button=&#8221;RGBA(255,255,255,0)&#8221; border_radii_right_button=&#8221;on|5px|5px|5px|5px&#8221; global_colors_info=&#8221;{}&#8221; sticky_enabled=&#8221;0&#8243;][\/difl_dual_button][\/et_pb_column][\/et_pb_row][et_pb_row _builder_version=&#8221;4.27.4&#8243; _module_preset=&#8221;default&#8221; global_colors_info=&#8221;{}&#8221;][et_pb_column type=&#8221;4_4&#8243; _builder_version=&#8221;4.27.0&#8243; _module_preset=&#8221;default&#8221; global_colors_info=&#8221;{}&#8221;][et_pb_image src=&#8221;https:\/\/aburi-en.com.vn\/wp-content\/uploads\/2023\/10\/Chinatown-Point-Isetan-Scotts-JEM-Northpoint-City.jpg&#8221; title_text=&#8221;Chinatown-Point,-Isetan-Scotts,-JEM,-Northpoint-City&#8221; align=&#8221;center&#8221; _builder_version=&#8221;4.27.4&#8243; _module_preset=&#8221;default&#8221; global_colors_info=&#8221;{}&#8221;][\/et_pb_image][\/et_pb_column][\/et_pb_row][\/et_pb_section]<\/p>\n","protected":false},"excerpt":{"rendered":"<p>\u304a\u54c1\u66f8\u304d Th\u1ef1c \u0110\u01a1nTham kh\u1ea3o th\u1ef1c \u0111\u01a1n c\u1ee7a ch\u00fang t\u00f4i V\u1edbi s\u1ef1 ch\u00fa tr\u1ecdng tuy\u1ec7t \u0111\u1ed1i v\u00e0o nguy\u00ean li\u1ec7u ch\u1ea5t l\u01b0\u1ee3ng cao \u0111\u01b0\u1ee3c n\u01b0\u1edbng m\u1ed9t c\u00e1ch \u0111i\u00eau luy\u1ec7n v\u1edbi m\u1ee9c gi\u00e1 h\u1ee3p l\u00fd, kh\u00f4ng c\u00f3 g\u00ec ng\u1ea1c nhi\u00ean khi Aburi-EN tr\u1edf th\u00e0nh s\u1ef1 l\u1ef1a ch\u1ecdn y\u00eau th\u00edch c\u1ee7a nhi\u1ec1u th\u1ef1c kh\u00e1ch. Xin l\u01b0u \u00fd r\u1eb1ng c\u00e1c [&hellip;]<\/p>\n","protected":false},"author":1,"featured_media":279404,"parent":0,"menu_order":4,"comment_status":"closed","ping_status":"closed","template":"","meta":{"_et_pb_use_builder":"on","_et_pb_old_content":"","_et_gb_content_width":"","footnotes":""},"difl_page_category":[],"class_list":["post-279484","page","type-page","status-publish","has-post-thumbnail","hentry"],"publishpress_future_action":{"enabled":false,"date":"2026-05-07 17:00:55","action":"change-status","newStatus":"draft","terms":[],"taxonomy":"difl_page_category","extraData":[]},"publishpress_future_workflow_manual_trigger":{"enabledWorkflows":[]},"_links":{"self":[{"href":"https:\/\/aburi-en.com.vn\/vi\/wp-json\/wp\/v2\/pages\/279484","targetHints":{"allow":["GET"]}}],"collection":[{"href":"https:\/\/aburi-en.com.vn\/vi\/wp-json\/wp\/v2\/pages"}],"about":[{"href":"https:\/\/aburi-en.com.vn\/vi\/wp-json\/wp\/v2\/types\/page"}],"author":[{"embeddable":true,"href":"https:\/\/aburi-en.com.vn\/vi\/wp-json\/wp\/v2\/users\/1"}],"replies":[{"embeddable":true,"href":"https:\/\/aburi-en.com.vn\/vi\/wp-json\/wp\/v2\/comments?post=279484"}],"version-history":[{"count":7,"href":"https:\/\/aburi-en.com.vn\/vi\/wp-json\/wp\/v2\/pages\/279484\/revisions"}],"predecessor-version":[{"id":279614,"href":"https:\/\/aburi-en.com.vn\/vi\/wp-json\/wp\/v2\/pages\/279484\/revisions\/279614"}],"wp:featuredmedia":[{"embeddable":true,"href":"https:\/\/aburi-en.com.vn\/vi\/wp-json\/wp\/v2\/media\/279404"}],"wp:attachment":[{"href":"https:\/\/aburi-en.com.vn\/vi\/wp-json\/wp\/v2\/media?parent=279484"}],"wp:term":[{"taxonomy":"difl_page_category","embeddable":true,"href":"https:\/\/aburi-en.com.vn\/vi\/wp-json\/wp\/v2\/difl_page_category?post=279484"}],"curies":[{"name":"wp","href":"https:\/\/api.w.org\/{rel}","templated":true}]}}