{"id":279532,"date":"2023-03-14T03:59:31","date_gmt":"2023-03-13T19:59:31","guid":{"rendered":"https:\/\/aburi-en.com.vn\/dieu-khoan-su-dung\/"},"modified":"2025-02-04T13:31:28","modified_gmt":"2025-02-04T05:31:28","slug":"dieu-khoan-su-dung","status":"publish","type":"page","link":"https:\/\/aburi-en.com.vn\/vi\/dieu-khoan-su-dung\/","title":{"rendered":"\u0110i\u1ec1u Kho\u1ea3n S\u1eed D\u1ee5ng"},"content":{"rendered":"<p>[et_pb_section fb_built=&#8221;1&#8243; next_background_color=&#8221;#F1E9E3&#8243; _builder_version=&#8221;4.20.2&#8243; _module_preset=&#8221;default&#8221; background_color=&#8221;#000000&#8243; use_background_color_gradient=&#8221;on&#8221; background_color_gradient_stops=&#8221;rgba(0,0,0,0.6) 0%|rgba(0,0,0,0.5) 100%&#8221; background_color_gradient_overlays_image=&#8221;on&#8221; background_image=&#8221;http:\/\/aburi-en.com\/wp-content\/uploads\/2023\/04\/contact-us.jpg&#8221; background_position=&#8221;bottom_left&#8221; custom_padding=&#8221;140px||80px||false|false&#8221; bottom_divider_style=&#8221;curve2&#8243; da_disable_devices=&#8221;off|off|off&#8221; global_colors_info=&#8221;{}&#8221; da_is_popup=&#8221;off&#8221; da_exit_intent=&#8221;off&#8221; da_has_close=&#8221;on&#8221; da_alt_close=&#8221;off&#8221; da_dark_close=&#8221;off&#8221; da_not_modal=&#8221;on&#8221; da_is_singular=&#8221;off&#8221; da_with_loader=&#8221;off&#8221; da_has_shadow=&#8221;on&#8221;][et_pb_row _builder_version=&#8221;4.17.3&#8243; _module_preset=&#8221;default&#8221; global_colors_info=&#8221;{}&#8221;][et_pb_column type=&#8221;4_4&#8243; _builder_version=&#8221;4.17.3&#8243; _module_preset=&#8221;default&#8221; global_colors_info=&#8221;{}&#8221;][et_pb_text _builder_version=&#8221;4.20.2&#8243; _module_preset=&#8221;default&#8221; header_font=&#8221;|||on|||||&#8221; header_font_size=&#8221;48px&#8221; header_4_text_color=&#8221;#FEEBA8&#8243; text_orientation=&#8221;center&#8221; background_layout=&#8221;dark&#8221; global_colors_info=&#8221;{}&#8221;]<\/p>\n<h1>\u0110i\u1ec1u Kho\u1ea3n S\u1eed D\u1ee5ng<\/h1>\n<p>[\/et_pb_text][\/et_pb_column][\/et_pb_row][\/et_pb_section][et_pb_section fb_built=&#8221;1&#8243; admin_label=&#8221;Content&#8221; _builder_version=&#8221;4.20.2&#8243; _module_preset=&#8221;default&#8221; background_color=&#8221;#F1E9E3&#8243; background_enable_image=&#8221;off&#8221; background_size=&#8221;initial&#8221; background_repeat=&#8221;repeat&#8221; custom_padding=&#8221;||||false|false&#8221; da_disable_devices=&#8221;off|off|off&#8221; collapsed=&#8221;off&#8221; global_colors_info=&#8221;{}&#8221; da_is_popup=&#8221;off&#8221; da_exit_intent=&#8221;off&#8221; da_has_close=&#8221;on&#8221; da_alt_close=&#8221;off&#8221; da_dark_close=&#8221;off&#8221; da_not_modal=&#8221;on&#8221; da_is_singular=&#8221;off&#8221; da_with_loader=&#8221;off&#8221; da_has_shadow=&#8221;on&#8221;][et_pb_row _builder_version=&#8221;4.20.2&#8243; _module_preset=&#8221;default&#8221; width=&#8221;60%&#8221; global_colors_info=&#8221;{}&#8221;][et_pb_column type=&#8221;4_4&#8243; _builder_version=&#8221;4.20.2&#8243; _module_preset=&#8221;default&#8221; global_colors_info=&#8221;{}&#8221;][et_pb_text _builder_version=&#8221;4.27.4&#8243; _module_preset=&#8221;default&#8221; hover_enabled=&#8221;0&#8243; global_colors_info=&#8221;{}&#8221; sticky_enabled=&#8221;0&#8243;]<\/p>\n<p>EN Group cam k\u1ebft \u0111\u1ea3m b\u1ea3o r\u1eb1ng th\u00f4ng tin tr\u00ean trang web n\u00e0y l\u00e0 ch\u00ednh x\u00e1c v\u00e0 \u0111\u00e1ng tin c\u1eady. Tuy nhi\u00ean, EN Group kh\u00f4ng ch\u1ecbu tr\u00e1ch nhi\u1ec7m ho\u1eb7c ngh\u0129a v\u1ee5 ph\u00e1p l\u00fd \u0111\u1ed1i v\u1edbi b\u1ea5t k\u1ef3 thi\u1ec7t h\u1ea1i ho\u1eb7c th\u01b0\u01a1ng t\u00edch n\u00e0o ph\u00e1t sinh t\u1eeb vi\u1ec7c s\u1eed d\u1ee5ng trang web n\u00e0y. EN Group c\u00f3 quy\u1ec1n ch\u1ec9nh s\u1eeda th\u00f4ng tin, d\u1ecbch v\u1ee5 v\u00e0 t\u00e0i nguy\u00ean tr\u00ean trang web n\u00e0y v\u00e0o b\u1ea5t k\u1ef3 th\u1eddi gian n\u00e0o m\u00e0 kh\u00f4ng c\u1ea7n th\u00f4ng b\u00e1o cho kh\u00e1ch truy c\u1eadp tr\u01b0\u1edbc. Trong b\u1ea5t k\u1ef3 tr\u01b0\u1eddng h\u1ee3p n\u00e0o, EN Group s\u1ebd kh\u00f4ng ch\u1ecbu tr\u00e1ch nhi\u1ec7m \u0111\u1ed1i v\u1edbi c\u00e1c thi\u1ec7t h\u1ea1i gi\u00e1n ti\u1ebfp, \u0111\u1eb7c bi\u1ec7t, ng\u1eabu nhi\u00ean ho\u1eb7c h\u1eadu qu\u1ea3 ph\u00e1t sinh t\u1eeb vi\u1ec7c s\u1eed d\u1ee5ng th\u00f4ng tin \u0111\u01b0\u1ee3c cung c\u1ea5p tr\u00ean trang web n\u00e0y.   <\/p>\n<p>Trang web c\u00f3 th\u1ec3 ch\u1ee9a c\u00e1c li\u00ean k\u1ebft \u0111\u1ebfn c\u00e1c trang kh\u00f4ng \u0111\u01b0\u1ee3c duy tr\u00ec ho\u1eb7c li\u00ean quan \u0111\u1ebfn EN Group. Vi\u1ec7c truy c\u1eadp v\u00e0o c\u00e1c li\u00ean k\u1ebft n\u00e0y, ng\u01b0\u1eddi dung t\u1ef1 ch\u1ecbu r\u1ee7i ro v\u00e0 EN Group kh\u00f4ng ch\u1ecbu tr\u00e1ch nhi\u1ec7m ho\u1eb7c \u0111\u01b0a ra b\u1ea5t k\u1ef3 cam k\u1ebft n\u00e0o v\u1ec1 n\u1ed9i dung, \u0111\u1ed9 \u0111\u1ea7y \u0111\u1ee7 ho\u1eb7c \u0111\u1ed9 ch\u00ednh x\u00e1c c\u1ee7a c\u00e1c li\u00ean k\u1ebft n\u00e0y ho\u1eb7c c\u00e1c trang web \u0111\u01b0\u1ee3c li\u00ean k\u1ebft v\u1edbi trang web n\u00e0y. <\/p>\n<p>C\u00e1c t\u00e0i li\u1ec7u tr\u00ean trang web n\u00e0y l\u00e0 t\u00e0i s\u1ea3n \u0111\u1ed9c quy\u1ec1n c\u1ee7a EN Group v\u00e0, tr\u1eeb khi \u0111\u01b0\u1ee3c s\u1eed d\u1ee5ng cho m\u1ee5c \u0111\u00edch c\u00e1 nh\u00e2n, kh\u00f4ng \u0111\u01b0\u1ee3c sao ch\u00e9p, ph\u00e2n ph\u1ed1i, t\u00e1i t\u1ea1o ho\u1eb7c truy\u1ec1n t\u1ea3i d\u01b0\u1edbi b\u1ea5t k\u1ef3 h\u00ecnh th\u1ee9c n\u00e0o ho\u1eb7c b\u1eb1ng b\u1ea5t k\u1ef3 ph\u01b0\u01a1ng ti\u1ec7n n\u00e0o, bao g\u1ed3m \u0111i\u1ec7n t\u1eed, c\u01a1 h\u1ecdc, sao ch\u1ee5p, ghi \u00e2m ho\u1eb7c h\u00ecnh th\u1ee9c kh\u00e1c, m\u00e0 kh\u00f4ng c\u00f3 s\u1ef1 cho ph\u00e9p b\u1eb1ng v\u0103n b\u1ea3n c\u1ee7a EN Group. N\u1ed9i dung, b\u1ed1 c\u1ee5c v\u00e0 thi\u1ebft k\u1ebf c\u1ee7a trang web, bao g\u1ed3m nh\u01b0ng kh\u00f4ng gi\u1edbi h\u1ea1n \u1edf th\u01b0\u01a1ng hi\u1ec7u, nh\u00e3n hi\u1ec7u d\u1ecbch v\u1ee5, thi\u1ebft k\u1ebf \u0111\u1ed3 h\u1ecda, v\u0103n b\u1ea3n v\u00e0 n\u1ed9i dung, l\u00e0 t\u00e0i s\u1ea3n \u0111\u1ed9c quy\u1ec1n v\u00e0 \u0111\u01b0\u1ee3c b\u1ea3o v\u1ec7 theo lu\u1eadt ph\u00e1p trong n\u01b0\u1edbc v\u00e0 qu\u1ed1c t\u1ebf, kh\u00f4ng \u0111\u01b0\u1ee3c sao ch\u00e9p, c\u00f4ng b\u1ed1, hi\u1ec3n th\u1ecb, ph\u00e2n ph\u1ed1i ho\u1eb7c truy\u1ec1n t\u1ea3i m\u00e0 kh\u00f4ng c\u00f3 s\u1ef1 \u0111\u1ed3ng \u00fd b\u1eb1ng v\u0103n b\u1ea3n c\u1ee7a EN Group. <\/p>\n<p>B\u1eb1ng vi\u1ec7c truy c\u1eadp trang web, ng\u01b0\u1eddi d\u00f9ng kh\u00f4ng \u0111\u01b0\u1ee3c ng\u1ee5 \u00fd ho\u1eb7c b\u1eb1ng b\u1ea5t k\u1ef3 c\u00e1ch n\u00e0o kh\u00e1c, nh\u1eadn \u0111\u01b0\u1ee3c gi\u1ea5y ph\u00e9p ho\u1eb7c quy\u1ec1n s\u1eed d\u1ee5ng ho\u1eb7c t\u1ea1o th\u00eam b\u1ea3n sao c\u1ee7a b\u1ea5t k\u1ef3 t\u00e0i li\u1ec7u ho\u1eb7c th\u00f4ng tin n\u00e0o hi\u1ec3n th\u1ecb tr\u00ean trang web.<\/p>\n<h2>Ch\u00ednh s\u00e1ch B\u1ea3o m\u1eadt Internet<\/h2>\n<p>EN Group ch\u1ec9 thu th\u1eadp th\u00f4ng tin c\u00e1 nh\u00e2n, nh\u01b0 h\u1ecd v\u00e0 t\u00ean, s\u1ed1 \u0111i\u1ec7n tho\u1ea1i v\u00e0 \u0111\u1ecba ch\u1ec9 email, khi nh\u1eefng th\u00f4ng tin n\u00e0y \u0111\u01b0\u1ee3c b\u1ea1n t\u1ef1 nguy\u1ec7n cung c\u1ea5p qua c\u00e1c bi\u1ec3u m\u1eabu tr\u1ef1c tuy\u1ebfn, bao g\u1ed3m: \u0111\u0103ng k\u00fd ng\u01b0\u1eddi d\u00f9ng, n\u1ed9p \u0111\u01a1n xin vi\u1ec7c ho\u1eb7c g\u1eedi s\u01a1 y\u1ebfu l\u00fd l\u1ecbch, \u0111\u0103ng k\u00fd tham gia s\u1ef1 ki\u1ec7n, y\u00eau c\u1ea7u li\u00ean h\u1ec7, \u00fd ki\u1ebfn c\u1ee7a kh\u00e1ch h\u00e0ng, kh\u1ea3o s\u00e1t tr\u1ef1c tuy\u1ebfn v\u00e0 c\u00e1c ho\u1ea1t \u0111\u1ed9ng tr\u1ef1c tuy\u1ebfn kh\u00e1c. \u0110\u00f4i khi, v\u1edbi s\u1ef1 cho ph\u00e9p c\u1ee7a b\u1ea1n, ch\u00fang t\u00f4i s\u1ebd g\u1eedi th\u00f4ng tin ti\u1ebfp th\u1ecb, ch\u1eb3ng h\u1ea1n nh\u01b0 th\u00f4ng tin v\u1ec1 c\u00e1c s\u1ea3n ph\u1ea9m m\u1edbi. Ng\u01b0\u1eddi d\u00f9ng ban \u0111\u1ea7u \u0111\u1ed3ng \u00fd nh\u1eadn th\u00f4ng tin khuy\u1ebfn m\u00e3i ho\u1eb7c \u01b0u \u0111\u00e3i trong t\u01b0\u01a1ng lai c\u00f3 th\u1ec3 h\u1ee7y nh\u1eadn b\u1eb1ng c\u00e1ch g\u1eedi email \u0111\u1ebfn marketing@engroup.com.vn.  <\/p>\n<p>EN Group c\u00f3 th\u1ec3 chia s\u1ebb th\u00f4ng tin c\u00e1 nh\u00e2n trong n\u1ed9i b\u1ed9 t\u1eadp \u0111o\u00e0n, c\u00e1c \u0111\u1ed1i t\u00e1c nh\u01b0\u1ee3ng quy\u1ec1n, c\u00f4ng ty con v\u00e0 chi nh\u00e1nh c\u1ee7a ch\u00fang t\u00f4i. T\u1ea5t nhi\u00ean, m\u1ecdi vi\u1ec7c s\u1eed d\u1ee5ng th\u00f4ng tin n\u00e0y \u0111\u1ec1u tu\u00e2n theo ch\u00ednh s\u00e1ch n\u00e0y. <\/p>\n<p>EN Group c\u00f3 th\u1ec3 thu\u00ea c\u00e1c c\u00f4ng ty th\u1ef1c hi\u1ec7n c\u00e1c ch\u1ee9c n\u0103ng kh\u00e1c nhau nh\u01b0 x\u1eed l\u00fd \u0111\u01a1n h\u00e0ng, h\u1ed7 tr\u1ee3 khuy\u1ebfn m\u00e3i, cung c\u1ea5p d\u1ecbch v\u1ee5 k\u1ef9 thu\u1eadt cho trang web c\u1ee7a ch\u00fang t\u00f4i, v.v. Nh\u1eefng c\u00f4ng ty n\u00e0y c\u00f3 th\u1ec3 \u0111\u01b0\u1ee3c quy\u1ec1n truy c\u1eadp v\u00e0o th\u00f4ng tin c\u00e1 nh\u00e2n n\u1ebfu c\u1ea7n thi\u1ebft \u0111\u1ec3 th\u1ef1c hi\u1ec7n c\u00e1c ch\u1ee9c n\u0103ng n\u00e0y. Tuy nhi\u00ean, h\u1ecd ch\u1ec9 \u0111\u01b0\u1ee3c s\u1eed d\u1ee5ng th\u00f4ng tin c\u00e1 nh\u00e2n \u0111\u00f3 cho m\u1ee5c \u0111\u00edch th\u1ef1c hi\u1ec7n ch\u1ee9c n\u0103ng \u0111\u00f3 v\u00e0 kh\u00f4ng \u0111\u01b0\u1ee3c s\u1eed d\u1ee5ng cho b\u1ea5t k\u1ef3 m\u1ee5c \u0111\u00edch n\u00e0o kh\u00e1c.  <\/p>\n<p>EN Group kh\u00f4ng b\u00e1n, chuy\u1ec3n giao ho\u1eb7c ti\u1ebft l\u1ed9 th\u00f4ng tin c\u00e1 nh\u00e2n cho c\u00e1c b\u00ean th\u1ee9 ba b\u00ean ngo\u00e0i t\u1eadp \u0111o\u00e0n. Tuy nhi\u00ean, EN Group c\u00f3 quy\u1ec1n s\u1eed d\u1ee5ng ho\u1eb7c ti\u1ebft l\u1ed9 b\u1ea5t k\u1ef3 th\u00f4ng tin n\u00e0o c\u1ea7n thi\u1ebft \u0111\u1ec3 tu\u00e2n th\u1ee7 ph\u00e1p lu\u1eadt, b\u1ea3o v\u1ec7 t\u00ednh to\u00e0n v\u1eb9n c\u1ee7a trang web, \u0111\u00e1p \u1ee9ng y\u00eau c\u1ea7u c\u1ee7a b\u1ea1n, ho\u1eb7c h\u1ee3p t\u00e1c v\u1edbi c\u01a1 quan th\u1ef1c thi ph\u00e1p lu\u1eadt ho\u1eb7c \u0111i\u1ec1u tra v\u00ec l\u00fd do an to\u00e0n c\u00f4ng c\u1ed9ng. <\/p>\n<p>[\/et_pb_text][\/et_pb_column][\/et_pb_row][\/et_pb_section]<\/p>\n","protected":false},"excerpt":{"rendered":"<p>\u0110i\u1ec1u Kho\u1ea3n S\u1eed D\u1ee5ngEN Group cam k\u1ebft \u0111\u1ea3m b\u1ea3o r\u1eb1ng th\u00f4ng tin tr\u00ean trang web n\u00e0y l\u00e0 ch\u00ednh x\u00e1c v\u00e0 \u0111\u00e1ng tin c\u1eady. Tuy nhi\u00ean, EN Group kh\u00f4ng ch\u1ecbu tr\u00e1ch nhi\u1ec7m ho\u1eb7c ngh\u0129a v\u1ee5 ph\u00e1p l\u00fd \u0111\u1ed1i v\u1edbi b\u1ea5t k\u1ef3 thi\u1ec7t h\u1ea1i ho\u1eb7c th\u01b0\u01a1ng t\u00edch n\u00e0o ph\u00e1t sinh t\u1eeb vi\u1ec7c s\u1eed d\u1ee5ng trang web n\u00e0y. [&hellip;]<\/p>\n","protected":false},"author":1,"featured_media":0,"parent":0,"menu_order":20,"comment_status":"closed","ping_status":"closed","template":"","meta":{"_et_pb_use_builder":"on","_et_pb_old_content":"","_et_gb_content_width":"","footnotes":""},"difl_page_category":[],"class_list":["post-279532","page","type-page","status-publish","hentry"],"publishpress_future_action":{"enabled":false,"date":"2026-05-07 17:04:26","action":"change-status","newStatus":"draft","terms":[],"taxonomy":"difl_page_category","extraData":[]},"publishpress_future_workflow_manual_trigger":{"enabledWorkflows":[]},"_links":{"self":[{"href":"https:\/\/aburi-en.com.vn\/vi\/wp-json\/wp\/v2\/pages\/279532","targetHints":{"allow":["GET"]}}],"collection":[{"href":"https:\/\/aburi-en.com.vn\/vi\/wp-json\/wp\/v2\/pages"}],"about":[{"href":"https:\/\/aburi-en.com.vn\/vi\/wp-json\/wp\/v2\/types\/page"}],"author":[{"embeddable":true,"href":"https:\/\/aburi-en.com.vn\/vi\/wp-json\/wp\/v2\/users\/1"}],"replies":[{"embeddable":true,"href":"https:\/\/aburi-en.com.vn\/vi\/wp-json\/wp\/v2\/comments?post=279532"}],"version-history":[{"count":8,"href":"https:\/\/aburi-en.com.vn\/vi\/wp-json\/wp\/v2\/pages\/279532\/revisions"}],"predecessor-version":[{"id":279592,"href":"https:\/\/aburi-en.com.vn\/vi\/wp-json\/wp\/v2\/pages\/279532\/revisions\/279592"}],"wp:attachment":[{"href":"https:\/\/aburi-en.com.vn\/vi\/wp-json\/wp\/v2\/media?parent=279532"}],"wp:term":[{"taxonomy":"difl_page_category","embeddable":true,"href":"https:\/\/aburi-en.com.vn\/vi\/wp-json\/wp\/v2\/difl_page_category?post=279532"}],"curies":[{"name":"wp","href":"https:\/\/api.w.org\/{rel}","templated":true}]}}